{"id":1829,"date":"2025-01-27T23:14:10","date_gmt":"2025-01-27T23:14:10","guid":{"rendered":"https:\/\/blocksy.mansionbohemia.com\/product\/mergus-aguardientero-set-x-6pz-60ml\/"},"modified":"2025-01-27T23:14:10","modified_gmt":"2025-01-27T23:14:10","slug":"mergus-aguardientero-set-x-6pz-60ml","status":"publish","type":"product","link":"https:\/\/blocksy.mansionbohemia.com\/?product=mergus-aguardientero-set-x-6pz-60ml","title":{"rendered":"Mergus Aguardientero  set x 6Pz  60ml"},"content":{"rendered":"<p>Crystalite Bohemia &#8211; Rep\u00fablica Checa &#8211; Cristal con aditivo de titanio &#8211; Libre de plomo y de metales pesados, m\u00e1s resistencia y transparencia, adem\u00e1s es amigable con el medio ambiente<\/p>\n","protected":false},"excerpt":{"rendered":"<p>Cristal con aditivo de titanio<\/p>\n","protected":false},"featured_media":1682,"comment_status":"open","ping_status":"closed","template":"","meta":{"_joinchat":[]},"product_brand":[36],"product_cat":[15],"product_tag":[35],"class_list":{"0":"post-1829","1":"product","2":"type-product","3":"status-publish","4":"has-post-thumbnail","6":"product_brand-crystalite-bohemia","7":"product_cat-uncategorized","8":"product_tag-vasos","10":"first","11":"instock","12":"taxable","13":"shipping-taxable","14":"purchasable","15":"product-type-simple"},"aioseo_notices":[],"_links":{"self":[{"href":"https:\/\/blocksy.mansionbohemia.com\/index.php?rest_route=\/wp\/v2\/product\/1829","targetHints":{"allow":["GET"]}}],"collection":[{"href":"https:\/\/blocksy.mansionbohemia.com\/index.php?rest_route=\/wp\/v2\/product"}],"about":[{"href":"https:\/\/blocksy.mansionbohemia.com\/index.php?rest_route=\/wp\/v2\/types\/product"}],"replies":[{"embeddable":true,"href":"https:\/\/blocksy.mansionbohemia.com\/index.php?rest_route=%2Fwp%2Fv2%2Fcomments&post=1829"}],"version-history":[{"count":0,"href":"https:\/\/blocksy.mansionbohemia.com\/index.php?rest_route=\/wp\/v2\/product\/1829\/revisions"}],"wp:featuredmedia":[{"embeddable":true,"href":"https:\/\/blocksy.mansionbohemia.com\/index.php?rest_route=\/wp\/v2\/media\/1682"}],"wp:attachment":[{"href":"https:\/\/blocksy.mansionbohemia.com\/index.php?rest_route=%2Fwp%2Fv2%2Fmedia&parent=1829"}],"wp:term":[{"taxonomy":"product_brand","embeddable":true,"href":"https:\/\/blocksy.mansionbohemia.com\/index.php?rest_route=%2Fwp%2Fv2%2Fproduct_brand&post=1829"},{"taxonomy":"product_cat","embeddable":true,"href":"https:\/\/blocksy.mansionbohemia.com\/index.php?rest_route=%2Fwp%2Fv2%2Fproduct_cat&post=1829"},{"taxonomy":"product_tag","embeddable":true,"href":"https:\/\/blocksy.mansionbohemia.com\/index.php?rest_route=%2Fwp%2Fv2%2Fproduct_tag&post=1829"}],"curies":[{"name":"wp","href":"https:\/\/api.w.org\/{rel}","templated":true}]}}