{"id":1881,"date":"2025-01-27T23:15:02","date_gmt":"2025-01-27T23:15:02","guid":{"rendered":"https:\/\/blocksy.mansionbohemia.com\/product\/carla-candelabro-255-cm\/"},"modified":"2025-02-08T02:40:04","modified_gmt":"2025-02-08T02:40:04","slug":"carla-candelabro-255-cm","status":"publish","type":"product","link":"https:\/\/blocksy.mansionbohemia.com\/?product=carla-candelabro-255-cm","title":{"rendered":"Carla Candelabro 25,5 cm"},"content":{"rendered":"<p>El cristal de Bohemia con plomo al 24% es sin\u00f3nimo de calidad y prestigio, su emblem\u00e1tico logo es un sello de m\u00e1xim calidad; su tradici\u00f3n se remonta a principios del siglo XVIII y ha influido en la industria del cristal en todo el mundo a lo largo del tiempo. <\/p>\n","protected":false},"excerpt":{"rendered":"<p>Cristal Bohemia 24%PBO<\/p>\n","protected":false},"featured_media":1751,"comment_status":"open","ping_status":"closed","template":"","meta":{"_joinchat":[]},"product_brand":[45],"product_cat":[65],"product_tag":[39,50],"class_list":{"0":"post-1881","1":"product","2":"type-product","3":"status-publish","4":"has-post-thumbnail","6":"product_brand-bohemia","7":"product_cat-candelabros-cristal","8":"product_tag-candelabros","9":"product_tag-carla","11":"first","12":"instock","13":"taxable","14":"shipping-taxable","15":"product-type-simple"},"aioseo_notices":[],"_links":{"self":[{"href":"https:\/\/blocksy.mansionbohemia.com\/index.php?rest_route=\/wp\/v2\/product\/1881","targetHints":{"allow":["GET"]}}],"collection":[{"href":"https:\/\/blocksy.mansionbohemia.com\/index.php?rest_route=\/wp\/v2\/product"}],"about":[{"href":"https:\/\/blocksy.mansionbohemia.com\/index.php?rest_route=\/wp\/v2\/types\/product"}],"replies":[{"embeddable":true,"href":"https:\/\/blocksy.mansionbohemia.com\/index.php?rest_route=%2Fwp%2Fv2%2Fcomments&post=1881"}],"version-history":[{"count":0,"href":"https:\/\/blocksy.mansionbohemia.com\/index.php?rest_route=\/wp\/v2\/product\/1881\/revisions"}],"wp:featuredmedia":[{"embeddable":true,"href":"https:\/\/blocksy.mansionbohemia.com\/index.php?rest_route=\/wp\/v2\/media\/1751"}],"wp:attachment":[{"href":"https:\/\/blocksy.mansionbohemia.com\/index.php?rest_route=%2Fwp%2Fv2%2Fmedia&parent=1881"}],"wp:term":[{"taxonomy":"product_brand","embeddable":true,"href":"https:\/\/blocksy.mansionbohemia.com\/index.php?rest_route=%2Fwp%2Fv2%2Fproduct_brand&post=1881"},{"taxonomy":"product_cat","embeddable":true,"href":"https:\/\/blocksy.mansionbohemia.com\/index.php?rest_route=%2Fwp%2Fv2%2Fproduct_cat&post=1881"},{"taxonomy":"product_tag","embeddable":true,"href":"https:\/\/blocksy.mansionbohemia.com\/index.php?rest_route=%2Fwp%2Fv2%2Fproduct_tag&post=1881"}],"curies":[{"name":"wp","href":"https:\/\/api.w.org\/{rel}","templated":true}]}}