{"id":1909,"date":"2025-01-27T23:15:37","date_gmt":"2025-01-27T23:15:37","guid":{"rendered":"https:\/\/blocksy.mansionbohemia.com\/product\/tulipan-tortera-domo-pedestal\/"},"modified":"2025-02-07T22:06:20","modified_gmt":"2025-02-07T22:06:20","slug":"tulipan-tortera-domo-pedestal","status":"publish","type":"product","link":"https:\/\/blocksy.mansionbohemia.com\/?product=tulipan-tortera-domo-pedestal","title":{"rendered":"Tulipan Tortera Domo \/Pedestal"},"content":{"rendered":"<p>El cristal de Bohemia con plomo al 24% es sin\u00f3nimo de calidad y prestigio, su emblem\u00e1tico logo es un sello de m\u00e1xim calidad; su tradici\u00f3n se remonta a principios del siglo XVIII y ha influido en la industria del cristal en todo el mundo a lo largo del tiempo. <\/p>\n","protected":false},"excerpt":{"rendered":"<p>Cristal Bohemia 24%PBO<\/p>\n","protected":false},"featured_media":1908,"comment_status":"open","ping_status":"closed","template":"","meta":{"_joinchat":[]},"product_brand":[45],"product_cat":[15],"product_tag":[62],"class_list":{"0":"post-1909","1":"product","2":"type-product","3":"status-publish","4":"has-post-thumbnail","6":"product_brand-bohemia","7":"product_cat-uncategorized","8":"product_tag-tulipan","10":"first","11":"instock","12":"taxable","13":"shipping-taxable","14":"purchasable","15":"product-type-simple"},"aioseo_notices":[],"_links":{"self":[{"href":"https:\/\/blocksy.mansionbohemia.com\/index.php?rest_route=\/wp\/v2\/product\/1909","targetHints":{"allow":["GET"]}}],"collection":[{"href":"https:\/\/blocksy.mansionbohemia.com\/index.php?rest_route=\/wp\/v2\/product"}],"about":[{"href":"https:\/\/blocksy.mansionbohemia.com\/index.php?rest_route=\/wp\/v2\/types\/product"}],"replies":[{"embeddable":true,"href":"https:\/\/blocksy.mansionbohemia.com\/index.php?rest_route=%2Fwp%2Fv2%2Fcomments&post=1909"}],"version-history":[{"count":0,"href":"https:\/\/blocksy.mansionbohemia.com\/index.php?rest_route=\/wp\/v2\/product\/1909\/revisions"}],"wp:featuredmedia":[{"embeddable":true,"href":"https:\/\/blocksy.mansionbohemia.com\/index.php?rest_route=\/wp\/v2\/media\/1908"}],"wp:attachment":[{"href":"https:\/\/blocksy.mansionbohemia.com\/index.php?rest_route=%2Fwp%2Fv2%2Fmedia&parent=1909"}],"wp:term":[{"taxonomy":"product_brand","embeddable":true,"href":"https:\/\/blocksy.mansionbohemia.com\/index.php?rest_route=%2Fwp%2Fv2%2Fproduct_brand&post=1909"},{"taxonomy":"product_cat","embeddable":true,"href":"https:\/\/blocksy.mansionbohemia.com\/index.php?rest_route=%2Fwp%2Fv2%2Fproduct_cat&post=1909"},{"taxonomy":"product_tag","embeddable":true,"href":"https:\/\/blocksy.mansionbohemia.com\/index.php?rest_route=%2Fwp%2Fv2%2Fproduct_tag&post=1909"}],"curies":[{"name":"wp","href":"https:\/\/api.w.org\/{rel}","templated":true}]}}