{"id":1926,"date":"2025-01-29T02:36:37","date_gmt":"2025-01-29T02:36:37","guid":{"rendered":"https:\/\/blocksy.mansionbohemia.com\/product\/ice-glamour-florero-330\/"},"modified":"2025-02-08T02:44:01","modified_gmt":"2025-02-08T02:44:01","slug":"ice-glamour-florero-330","status":"publish","type":"product","link":"https:\/\/blocksy.mansionbohemia.com\/?product=ice-glamour-florero-330","title":{"rendered":"Ice Glamour Florero 330"},"content":{"rendered":"<p>El cristal de Bohemia con plomo al 24% es sin\u00f3nimo de calidad y prestigio, su emblem\u00e1tico logo es un sello de m\u00e1xim calidad; su tradici\u00f3n se remonta a principios del siglo XVIII y ha influido en la industria del cristal en todo el mundo a lo largo del tiempo. <\/p>\n","protected":false},"excerpt":{"rendered":"<p>Cristal Bohemia 24%PBO<\/p>\n","protected":false},"featured_media":1739,"comment_status":"open","ping_status":"closed","template":"","meta":{"_joinchat":[]},"product_brand":[45],"product_cat":[70],"product_tag":[72,64],"class_list":{"0":"post-1926","1":"product","2":"type-product","3":"status-publish","4":"has-post-thumbnail","6":"product_brand-bohemia","7":"product_cat-floreros-cristal","8":"product_tag-floreros","9":"product_tag-ice-glamour","11":"first","12":"instock","13":"taxable","14":"shipping-taxable","15":"product-type-simple"},"aioseo_notices":[],"_links":{"self":[{"href":"https:\/\/blocksy.mansionbohemia.com\/index.php?rest_route=\/wp\/v2\/product\/1926","targetHints":{"allow":["GET"]}}],"collection":[{"href":"https:\/\/blocksy.mansionbohemia.com\/index.php?rest_route=\/wp\/v2\/product"}],"about":[{"href":"https:\/\/blocksy.mansionbohemia.com\/index.php?rest_route=\/wp\/v2\/types\/product"}],"replies":[{"embeddable":true,"href":"https:\/\/blocksy.mansionbohemia.com\/index.php?rest_route=%2Fwp%2Fv2%2Fcomments&post=1926"}],"version-history":[{"count":0,"href":"https:\/\/blocksy.mansionbohemia.com\/index.php?rest_route=\/wp\/v2\/product\/1926\/revisions"}],"wp:featuredmedia":[{"embeddable":true,"href":"https:\/\/blocksy.mansionbohemia.com\/index.php?rest_route=\/wp\/v2\/media\/1739"}],"wp:attachment":[{"href":"https:\/\/blocksy.mansionbohemia.com\/index.php?rest_route=%2Fwp%2Fv2%2Fmedia&parent=1926"}],"wp:term":[{"taxonomy":"product_brand","embeddable":true,"href":"https:\/\/blocksy.mansionbohemia.com\/index.php?rest_route=%2Fwp%2Fv2%2Fproduct_brand&post=1926"},{"taxonomy":"product_cat","embeddable":true,"href":"https:\/\/blocksy.mansionbohemia.com\/index.php?rest_route=%2Fwp%2Fv2%2Fproduct_cat&post=1926"},{"taxonomy":"product_tag","embeddable":true,"href":"https:\/\/blocksy.mansionbohemia.com\/index.php?rest_route=%2Fwp%2Fv2%2Fproduct_tag&post=1926"}],"curies":[{"name":"wp","href":"https:\/\/api.w.org\/{rel}","templated":true}]}}