{"id":1931,"date":"2025-01-29T02:58:56","date_gmt":"2025-01-29T02:58:56","guid":{"rendered":"https:\/\/blocksy.mansionbohemia.com\/product\/luxor-candelabro-255-cm\/"},"modified":"2025-02-08T02:40:04","modified_gmt":"2025-02-08T02:40:04","slug":"luxor-candelabro-255-cm","status":"publish","type":"product","link":"https:\/\/blocksy.mansionbohemia.com\/?product=luxor-candelabro-255-cm","title":{"rendered":"Luxor Candelabro 25,5 cm"},"content":{"rendered":"<p>Crystalite Bohemia &#8211; Rep\u00fablica Checa &#8211; Cristal con aditivo de titanio &#8211; Libre de plomo y de metales pesados, m\u00e1s resistencia y transparencia, adem\u00e1s es amigable con el medio ambiente<\/p>\n","protected":false},"excerpt":{"rendered":"<p>Cristal con aditivo de titanio<\/p>\n","protected":false},"featured_media":1928,"comment_status":"open","ping_status":"closed","template":"","meta":{"_joinchat":[]},"product_brand":[36],"product_cat":[65],"product_tag":[39,66],"class_list":{"0":"post-1931","1":"product","2":"type-product","3":"status-publish","4":"has-post-thumbnail","6":"product_brand-crystalite-bohemia","7":"product_cat-candelabros-cristal","8":"product_tag-candelabros","9":"product_tag-luxor","11":"first","12":"instock","13":"taxable","14":"shipping-taxable","15":"purchasable","16":"product-type-simple"},"aioseo_notices":[],"_links":{"self":[{"href":"https:\/\/blocksy.mansionbohemia.com\/index.php?rest_route=\/wp\/v2\/product\/1931","targetHints":{"allow":["GET"]}}],"collection":[{"href":"https:\/\/blocksy.mansionbohemia.com\/index.php?rest_route=\/wp\/v2\/product"}],"about":[{"href":"https:\/\/blocksy.mansionbohemia.com\/index.php?rest_route=\/wp\/v2\/types\/product"}],"replies":[{"embeddable":true,"href":"https:\/\/blocksy.mansionbohemia.com\/index.php?rest_route=%2Fwp%2Fv2%2Fcomments&post=1931"}],"version-history":[{"count":0,"href":"https:\/\/blocksy.mansionbohemia.com\/index.php?rest_route=\/wp\/v2\/product\/1931\/revisions"}],"wp:featuredmedia":[{"embeddable":true,"href":"https:\/\/blocksy.mansionbohemia.com\/index.php?rest_route=\/wp\/v2\/media\/1928"}],"wp:attachment":[{"href":"https:\/\/blocksy.mansionbohemia.com\/index.php?rest_route=%2Fwp%2Fv2%2Fmedia&parent=1931"}],"wp:term":[{"taxonomy":"product_brand","embeddable":true,"href":"https:\/\/blocksy.mansionbohemia.com\/index.php?rest_route=%2Fwp%2Fv2%2Fproduct_brand&post=1931"},{"taxonomy":"product_cat","embeddable":true,"href":"https:\/\/blocksy.mansionbohemia.com\/index.php?rest_route=%2Fwp%2Fv2%2Fproduct_cat&post=1931"},{"taxonomy":"product_tag","embeddable":true,"href":"https:\/\/blocksy.mansionbohemia.com\/index.php?rest_route=%2Fwp%2Fv2%2Fproduct_tag&post=1931"}],"curies":[{"name":"wp","href":"https:\/\/api.w.org\/{rel}","templated":true}]}}